{"id":1297,"date":"2018-09-11T20:10:41","date_gmt":"2018-09-11T20:10:41","guid":{"rendered":"http:\/\/carecenter-okc.org\/\/?page_id=1297"},"modified":"2025-04-09T10:03:23","modified_gmt":"2025-04-09T15:03:23","slug":"about","status":"publish","type":"page","link":"https:\/\/carecenter-okc.org\/es\/about\/","title":{"rendered":"Sobre nosotros"},"content":{"rendered":"<div data-elementor-type=\"wp-post\" data-elementor-id=\"1297\" class=\"elementor elementor-1297\" data-elementor-post-type=\"page\">\n\t\t\t\t\t\t<section class=\"elementor-section elementor-top-section elementor-element elementor-element-1068a05 elementor-section-height-min-height elementor-section-items-bottom elementor-section-content-bottom elementor-section-boxed elementor-section-height-default\" data-id=\"1068a05\" data-element_type=\"section\" data-settings=\"{&quot;background_background&quot;:&quot;classic&quot;}\">\n\t\t\t\t\t\t\t<div class=\"elementor-background-overlay\"><\/div>\n\t\t\t\t\t\t\t<div class=\"elementor-container elementor-column-gap-default\">\n\t\t\t\t\t<div class=\"elementor-column elementor-col-100 elementor-top-column elementor-element elementor-element-851e0de\" data-id=\"851e0de\" data-element_type=\"column\">\n\t\t\t<div class=\"elementor-widget-wrap elementor-element-populated\">\n\t\t\t\t\t\t<div class=\"elementor-element elementor-element-0cad853 elementor-widget elementor-widget-heading\" data-id=\"0cad853\" data-element_type=\"widget\" data-widget_type=\"heading.default\">\n\t\t\t\t<div class=\"elementor-widget-container\">\n\t\t\t\t\t<h1 class=\"elementor-heading-title elementor-size-default\">Sobre nosotros<\/h1>\t\t\t\t<\/div>\n\t\t\t\t<\/div>\n\t\t\t\t<div class=\"elementor-element elementor-element-0407c10 elementor-widget elementor-widget-text-editor\" data-id=\"0407c10\" data-element_type=\"widget\" data-widget_type=\"text-editor.default\">\n\t\t\t\t<div class=\"elementor-widget-container\">\n\t\t\t\t\t\t\t\t\t<p>we are oklahoma county&#8217;s ONLY child advocacy center<\/p>\t\t\t\t\t\t\t\t<\/div>\n\t\t\t\t<\/div>\n\t\t\t\t\t<\/div>\n\t\t<\/div>\n\t\t\t\t\t<\/div>\n\t\t<\/section>\n\t\t\t\t<section class=\"elementor-section elementor-top-section elementor-element elementor-element-0a2175f elementor-section-boxed elementor-section-height-default elementor-section-height-default\" data-id=\"0a2175f\" data-element_type=\"section\">\n\t\t\t\t\t\t<div class=\"elementor-container elementor-column-gap-default\">\n\t\t\t\t\t<div class=\"elementor-column elementor-col-100 elementor-top-column elementor-element elementor-element-c0e97c8\" data-id=\"c0e97c8\" data-element_type=\"column\">\n\t\t\t<div class=\"elementor-widget-wrap elementor-element-populated\">\n\t\t\t\t\t\t<div class=\"elementor-element elementor-element-5d5ae5c elementor-widget elementor-widget-heading\" data-id=\"5d5ae5c\" data-element_type=\"widget\" data-widget_type=\"heading.default\">\n\t\t\t\t<div class=\"elementor-widget-container\">\n\t\t\t\t\t<h2 class=\"elementor-heading-title elementor-size-default\">We are child-centered in everything we do<\/h2>\t\t\t\t<\/div>\n\t\t\t\t<\/div>\n\t\t\t\t<div class=\"elementor-element elementor-element-4ed4166 elementor-widget elementor-widget-text-editor\" data-id=\"4ed4166\" data-element_type=\"widget\" data-widget_type=\"text-editor.default\">\n\t\t\t\t<div class=\"elementor-widget-container\">\n\t\t\t\t\t\t\t\t\t<p>Organizado en 1991, el Centro CARE es el \u00fanico centro de defensa infantil del condado de Oklahoma, y estamos comprometidos a ayudar a los ni\u00f1os a encontrar su voz y comenzar a sanar despu\u00e9s del abuso, as\u00ed como a prevenir el abuso infantil a trav\u00e9s de la educaci\u00f3n.<\/p>\t\t\t\t\t\t\t\t<\/div>\n\t\t\t\t<\/div>\n\t\t\t\t<section class=\"elementor-section elementor-inner-section elementor-element elementor-element-844dc65 elementor-section-boxed elementor-section-height-default elementor-section-height-default\" data-id=\"844dc65\" data-element_type=\"section\">\n\t\t\t\t\t\t<div class=\"elementor-container elementor-column-gap-default\">\n\t\t\t\t\t<div class=\"elementor-column elementor-col-50 elementor-inner-column elementor-element elementor-element-7f70bf3\" data-id=\"7f70bf3\" data-element_type=\"column\">\n\t\t\t<div class=\"elementor-widget-wrap elementor-element-populated\">\n\t\t\t\t\t\t<div class=\"elementor-element elementor-element-db86384 elementor-widget elementor-widget-heading\" data-id=\"db86384\" data-element_type=\"widget\" data-widget_type=\"heading.default\">\n\t\t\t\t<div class=\"elementor-widget-container\">\n\t\t\t\t\t<h2 class=\"elementor-heading-title elementor-size-default\">Nuestra misi\u00f3n<\/h2>\t\t\t\t<\/div>\n\t\t\t\t<\/div>\n\t\t\t\t<div class=\"elementor-element elementor-element-ee2b76d elementor-widget elementor-widget-text-editor\" data-id=\"ee2b76d\" data-element_type=\"widget\" data-widget_type=\"text-editor.default\">\n\t\t\t\t<div class=\"elementor-widget-container\">\n\t\t\t\t\t\t\t\t\t<p>Para prevenir el abuso infantil y brindar oportunidades de curaci\u00f3n y esperanza para los ni\u00f1os en el condado de Oklahoma.<\/p>\t\t\t\t\t\t\t\t<\/div>\n\t\t\t\t<\/div>\n\t\t\t\t\t<\/div>\n\t\t<\/div>\n\t\t\t\t<div class=\"elementor-column elementor-col-50 elementor-inner-column elementor-element elementor-element-2b1505c\" data-id=\"2b1505c\" data-element_type=\"column\">\n\t\t\t<div class=\"elementor-widget-wrap elementor-element-populated\">\n\t\t\t\t\t\t<div class=\"elementor-element elementor-element-c73b578 elementor-widget elementor-widget-heading\" data-id=\"c73b578\" data-element_type=\"widget\" data-widget_type=\"heading.default\">\n\t\t\t\t<div class=\"elementor-widget-container\">\n\t\t\t\t\t<h2 class=\"elementor-heading-title elementor-size-default\">Nuestra visi\u00f3n<\/h2>\t\t\t\t<\/div>\n\t\t\t\t<\/div>\n\t\t\t\t<div class=\"elementor-element elementor-element-096c65e elementor-widget elementor-widget-text-editor\" data-id=\"096c65e\" data-element_type=\"widget\" data-widget_type=\"text-editor.default\">\n\t\t\t\t<div class=\"elementor-widget-container\">\n\t\t\t\t\t\t\t\t\t<p>Para poner fin al abuso infantil en el condado de Oklahoma<\/p>\t\t\t\t\t\t\t\t<\/div>\n\t\t\t\t<\/div>\n\t\t\t\t\t<\/div>\n\t\t<\/div>\n\t\t\t\t\t<\/div>\n\t\t<\/section>\n\t\t\t\t<div class=\"elementor-element elementor-element-93bb5aa elementor-widget-divider--view-line elementor-widget elementor-widget-divider\" data-id=\"93bb5aa\" data-element_type=\"widget\" data-widget_type=\"divider.default\">\n\t\t\t\t<div class=\"elementor-widget-container\">\n\t\t\t\t\t\t\t<div class=\"elementor-divider\">\n\t\t\t<span class=\"elementor-divider-separator\">\n\t\t\t\t\t\t<\/span>\n\t\t<\/div>\n\t\t\t\t\t\t<\/div>\n\t\t\t\t<\/div>\n\t\t\t\t<section class=\"elementor-section elementor-inner-section elementor-element elementor-element-768db17 elementor-section-boxed elementor-section-height-default elementor-section-height-default\" data-id=\"768db17\" data-element_type=\"section\">\n\t\t\t\t\t\t<div class=\"elementor-container elementor-column-gap-default\">\n\t\t\t\t\t<div class=\"elementor-column elementor-col-50 elementor-inner-column elementor-element elementor-element-c05f7e0\" data-id=\"c05f7e0\" data-element_type=\"column\">\n\t\t\t<div class=\"elementor-widget-wrap elementor-element-populated\">\n\t\t\t\t\t\t<div class=\"elementor-element elementor-element-c6239af elementor-widget elementor-widget-heading\" data-id=\"c6239af\" data-element_type=\"widget\" data-widget_type=\"heading.default\">\n\t\t\t\t<div class=\"elementor-widget-container\">\n\t\t\t\t\t<h2 class=\"elementor-heading-title elementor-size-default\">Educamos<\/h2>\t\t\t\t<\/div>\n\t\t\t\t<\/div>\n\t\t\t\t<div class=\"elementor-element elementor-element-6841683 elementor-widget elementor-widget-text-editor\" data-id=\"6841683\" data-element_type=\"widget\" data-widget_type=\"text-editor.default\">\n\t\t\t\t<div class=\"elementor-widget-container\">\n\t\t\t\t\t\t\t\t\t<p>La educaci\u00f3n es la clave para acabar con el abuso infantil. A trav\u00e9s de nuestros dos programas de prevenci\u00f3n del abuso, brindamos a adultos y ni\u00f1os las herramientas que necesitan para prevenir el abuso infantil. Reconocer y denunciar el abuso y la negligencia infantil es nuestra capacitaci\u00f3n para adultos, que destaca los signos, s\u00edntomas y factores de riesgo del abuso. ROAR es nuestro programa de prevenci\u00f3n espec\u00edficamente para ni\u00f1os m\u00e1s peque\u00f1os, que ense\u00f1a seguridad y empoderamiento corporal de una manera divertida.<\/p>\t\t\t\t\t\t\t\t<\/div>\n\t\t\t\t<\/div>\n\t\t\t\t<div class=\"elementor-element elementor-element-c27c624 elementor-align-center elementor-widget elementor-widget-button\" data-id=\"c27c624\" data-element_type=\"widget\" data-widget_type=\"button.default\">\n\t\t\t\t<div class=\"elementor-widget-container\">\n\t\t\t\t\t\t\t\t\t<div class=\"elementor-button-wrapper\">\n\t\t\t\t\t<a class=\"elementor-button elementor-button-link elementor-size-md\" href=\"https:\/\/carecenter-okc.org\/es\/we-educate\/\" target=\"_blank\">\n\t\t\t\t\t\t<span class=\"elementor-button-content-wrapper\">\n\t\t\t\t\t\t\t\t\t<span class=\"elementor-button-text\">HOW WE EDUCATE<\/span>\n\t\t\t\t\t<\/span>\n\t\t\t\t\t<\/a>\n\t\t\t\t<\/div>\n\t\t\t\t\t\t\t\t<\/div>\n\t\t\t\t<\/div>\n\t\t\t\t\t<\/div>\n\t\t<\/div>\n\t\t\t\t<div class=\"elementor-column elementor-col-50 elementor-inner-column elementor-element elementor-element-2deafcc\" data-id=\"2deafcc\" data-element_type=\"column\">\n\t\t\t<div class=\"elementor-widget-wrap elementor-element-populated\">\n\t\t\t\t\t\t<div class=\"elementor-element elementor-element-a4b6727 elementor-widget elementor-widget-heading\" data-id=\"a4b6727\" data-element_type=\"widget\" data-widget_type=\"heading.default\">\n\t\t\t\t<div class=\"elementor-widget-container\">\n\t\t\t\t\t<h2 class=\"elementor-heading-title elementor-size-default\">nosotros curamos<\/h2>\t\t\t\t<\/div>\n\t\t\t\t<\/div>\n\t\t\t\t<div class=\"elementor-element elementor-element-f310440 elementor-widget elementor-widget-text-editor\" data-id=\"f310440\" data-element_type=\"widget\" data-widget_type=\"text-editor.default\">\n\t\t\t\t<div class=\"elementor-widget-container\">\n\t\t\t\t\t\t\t\t\t<p>Una vez que los ni\u00f1os y los cuidadores son referidos a The CARE Center, la esperanza y la sanaci\u00f3n pueden comenzar. Servimos como una organizaci\u00f3n de convocatoria para muchas agencias, incluidas las fuerzas del orden, los servicios de protecci\u00f3n infantil, los asistentes de los fiscales de distrito, los m\u00e9dicos, el asesoramiento y la defensa familiar. La entrevista forense es la piedra angular de nuestro trabajo y juega un papel importante en la investigaci\u00f3n y manejo de casos de abuso infantil.\u00a0<\/p>\t\t\t\t\t\t\t\t<\/div>\n\t\t\t\t<\/div>\n\t\t\t\t<div class=\"elementor-element elementor-element-223e6a5 elementor-widget elementor-widget-spacer\" data-id=\"223e6a5\" data-element_type=\"widget\" data-widget_type=\"spacer.default\">\n\t\t\t\t<div class=\"elementor-widget-container\">\n\t\t\t\t\t\t\t<div class=\"elementor-spacer\">\n\t\t\t<div class=\"elementor-spacer-inner\"><\/div>\n\t\t<\/div>\n\t\t\t\t\t\t<\/div>\n\t\t\t\t<\/div>\n\t\t\t\t<div class=\"elementor-element elementor-element-fe0eadc elementor-align-center elementor-widget elementor-widget-button\" data-id=\"fe0eadc\" data-element_type=\"widget\" data-widget_type=\"button.default\">\n\t\t\t\t<div class=\"elementor-widget-container\">\n\t\t\t\t\t\t\t\t\t<div class=\"elementor-button-wrapper\">\n\t\t\t\t\t<a class=\"elementor-button elementor-button-link elementor-size-md\" href=\"https:\/\/carecenter-okc.org\/es\/we-heal\/\" target=\"_blank\">\n\t\t\t\t\t\t<span class=\"elementor-button-content-wrapper\">\n\t\t\t\t\t\t\t\t\t<span class=\"elementor-button-text\">HOW WE HEAL<\/span>\n\t\t\t\t\t<\/span>\n\t\t\t\t\t<\/a>\n\t\t\t\t<\/div>\n\t\t\t\t\t\t\t\t<\/div>\n\t\t\t\t<\/div>\n\t\t\t\t\t<\/div>\n\t\t<\/div>\n\t\t\t\t\t<\/div>\n\t\t<\/section>\n\t\t\t\t<div class=\"elementor-element elementor-element-2474f45 elementor-widget-divider--view-line elementor-widget elementor-widget-divider\" data-id=\"2474f45\" data-element_type=\"widget\" data-widget_type=\"divider.default\">\n\t\t\t\t<div class=\"elementor-widget-container\">\n\t\t\t\t\t\t\t<div class=\"elementor-divider\">\n\t\t\t<span class=\"elementor-divider-separator\">\n\t\t\t\t\t\t<\/span>\n\t\t<\/div>\n\t\t\t\t\t\t<\/div>\n\t\t\t\t<\/div>\n\t\t\t\t<div class=\"elementor-element elementor-element-fdf6969 elementor-widget elementor-widget-heading\" data-id=\"fdf6969\" data-element_type=\"widget\" data-widget_type=\"heading.default\">\n\t\t\t\t<div class=\"elementor-widget-container\">\n\t\t\t\t\t<h2 class=\"elementor-heading-title elementor-size-default\">Multidisciplinary Team<\/h2>\t\t\t\t<\/div>\n\t\t\t\t<\/div>\n\t\t\t\t<div class=\"elementor-element elementor-element-577075d elementor-widget elementor-widget-text-editor\" data-id=\"577075d\" data-element_type=\"widget\" data-widget_type=\"text-editor.default\">\n\t\t\t\t<div class=\"elementor-widget-container\">\n\t\t\t\t\t\t\t\t\t<p>El coraz\u00f3n del modelo del Centro de Defensa del Ni\u00f1o es el enfoque del Equipo Multidisciplinario para las investigaciones de abuso infantil. Junto con nuestros socios, ofrecemos a los ni\u00f1os valientes y sus familias servicios integrales para v\u00edctimas y defensa que promueven la esperanza y la curaci\u00f3n.\u00a0\u00a0<\/p>\t\t\t\t\t\t\t\t<\/div>\n\t\t\t\t<\/div>\n\t\t\t\t<div class=\"elementor-element elementor-element-91db417 elementor-align-center elementor-widget elementor-widget-button\" data-id=\"91db417\" data-element_type=\"widget\" data-widget_type=\"button.default\">\n\t\t\t\t<div class=\"elementor-widget-container\">\n\t\t\t\t\t\t\t\t\t<div class=\"elementor-button-wrapper\">\n\t\t\t\t\t<a class=\"elementor-button elementor-size-md\" role=\"button\">\n\t\t\t\t\t\t<span class=\"elementor-button-content-wrapper\">\n\t\t\t\t\t\t\t\t\t<span class=\"elementor-button-text\">LIST OF PARTNERS<\/span>\n\t\t\t\t\t<\/span>\n\t\t\t\t\t<\/a>\n\t\t\t\t<\/div>\n\t\t\t\t\t\t\t\t<\/div>\n\t\t\t\t<\/div>\n\t\t\t\t\t<\/div>\n\t\t<\/div>\n\t\t\t\t\t<\/div>\n\t\t<\/section>\n\t\t\t\t<\/div>","protected":false},"excerpt":{"rendered":"<p>About Us we are oklahoma county&#8217;s ONLY child advocacy center We are child-centered in everything we do Organized in 1991, The CARE Center is Oklahoma County&#8217;s only child advocacy center, and we are committed to helping children find their voice and begin to heal after abuse as well as preventing child abuse through education. Our [&hellip;]<\/p>\n","protected":false},"author":4,"featured_media":0,"parent":0,"menu_order":0,"comment_status":"closed","ping_status":"closed","template":"","meta":{"_acf_changed":false,"om_disable_all_campaigns":false,"_monsterinsights_skip_tracking":false,"_monsterinsights_sitenote_active":false,"_monsterinsights_sitenote_note":"","_monsterinsights_sitenote_category":0,"_uf_show_specific_survey":0,"_uf_disable_surveys":false,"site-sidebar-layout":"no-sidebar","site-content-layout":"page-builder","ast-site-content-layout":"full-width-container","site-content-style":"unboxed","site-sidebar-style":"unboxed","ast-global-header-display":"","ast-banner-title-visibility":"","ast-main-header-display":"","ast-hfb-above-header-display":"","ast-hfb-below-header-display":"","ast-hfb-mobile-header-display":"","site-post-title":"disabled","ast-breadcrumbs-content":"","ast-featured-img":"disabled","footer-sml-layout":"","theme-transparent-header-meta":"","adv-header-id-meta":"","stick-header-meta":"","header-above-stick-meta":"","header-main-stick-meta":"","header-below-stick-meta":"","astra-migrate-meta-layouts":"set","ast-page-background-enabled":"default","ast-page-background-meta":{"desktop":{"background-color":"","background-image":"","background-repeat":"repeat","background-position":"center center","background-size":"auto","background-attachment":"scroll","background-type":"","background-media":"","overlay-type":"","overlay-color":"","overlay-opacity":"","overlay-gradient":""},"tablet":{"background-color":"","background-image":"","background-repeat":"repeat","background-position":"center center","background-size":"auto","background-attachment":"scroll","background-type":"","background-media":"","overlay-type":"","overlay-color":"","overlay-opacity":"","overlay-gradient":""},"mobile":{"background-color":"","background-image":"","background-repeat":"repeat","background-position":"center center","background-size":"auto","background-attachment":"scroll","background-type":"","background-media":"","overlay-type":"","overlay-color":"","overlay-opacity":"","overlay-gradient":""}},"ast-content-background-meta":{"desktop":{"background-color":"var(--ast-global-color-5)","background-image":"","background-repeat":"repeat","background-position":"center center","background-size":"auto","background-attachment":"scroll","background-type":"","background-media":"","overlay-type":"","overlay-color":"","overlay-opacity":"","overlay-gradient":""},"tablet":{"background-color":"var(--ast-global-color-5)","background-image":"","background-repeat":"repeat","background-position":"center center","background-size":"auto","background-attachment":"scroll","background-type":"","background-media":"","overlay-type":"","overlay-color":"","overlay-opacity":"","overlay-gradient":""},"mobile":{"background-color":"var(--ast-global-color-5)","background-image":"","background-repeat":"repeat","background-position":"center center","background-size":"auto","background-attachment":"scroll","background-type":"","background-media":"","overlay-type":"","overlay-color":"","overlay-opacity":"","overlay-gradient":""}},"footnotes":""},"class_list":["post-1297","page","type-page","status-publish","hentry"],"acf":[],"yoast_head":"<!-- This site is optimized with the Yoast SEO Premium plugin v26.5 (Yoast SEO v27.3) - https:\/\/yoast.com\/product\/yoast-seo-premium-wordpress\/ -->\n<title>About Us - The CARE Center<\/title>\n<meta name=\"robots\" content=\"index, follow, max-snippet:-1, max-image-preview:large, max-video-preview:-1\" \/>\n<link rel=\"canonical\" href=\"https:\/\/carecenter-okc.org\/es\/about\/\" \/>\n<meta property=\"og:locale\" content=\"es_MX\" \/>\n<meta property=\"og:type\" content=\"article\" \/>\n<meta property=\"og:title\" content=\"About Us\" \/>\n<meta property=\"og:description\" content=\"About Us we are oklahoma county&#8217;s ONLY child advocacy center We are child-centered in everything we do Organized in 1991, The CARE Center is Oklahoma County&#8217;s only child advocacy center, and we are committed to helping children find their voice and begin to heal after abuse as well as preventing child abuse through education. Our [&hellip;]\" \/>\n<meta property=\"og:url\" content=\"https:\/\/carecenter-okc.org\/es\/about\/\" \/>\n<meta property=\"og:site_name\" content=\"The CARE Center\" \/>\n<meta property=\"article:modified_time\" content=\"2025-04-09T15:03:23+00:00\" \/>\n<meta name=\"twitter:card\" content=\"summary_large_image\" \/>\n<meta name=\"twitter:label1\" content=\"Tiempo de lectura\" \/>\n\t<meta name=\"twitter:data1\" content=\"2 minutos\" \/>\n<script type=\"application\/ld+json\" class=\"yoast-schema-graph\">{\"@context\":\"https:\\\/\\\/schema.org\",\"@graph\":[{\"@type\":\"WebPage\",\"@id\":\"https:\\\/\\\/carecenter-okc.org\\\/about\\\/\",\"url\":\"https:\\\/\\\/carecenter-okc.org\\\/about\\\/\",\"name\":\"About Us - The CARE Center\",\"isPartOf\":{\"@id\":\"https:\\\/\\\/carecenter-okc.org\\\/#website\"},\"datePublished\":\"2018-09-11T20:10:41+00:00\",\"dateModified\":\"2025-04-09T15:03:23+00:00\",\"breadcrumb\":{\"@id\":\"https:\\\/\\\/carecenter-okc.org\\\/about\\\/#breadcrumb\"},\"inLanguage\":\"es\",\"potentialAction\":[{\"@type\":\"ReadAction\",\"target\":[\"https:\\\/\\\/carecenter-okc.org\\\/about\\\/\"]}]},{\"@type\":\"BreadcrumbList\",\"@id\":\"https:\\\/\\\/carecenter-okc.org\\\/about\\\/#breadcrumb\",\"itemListElement\":[{\"@type\":\"ListItem\",\"position\":1,\"name\":\"Home\",\"item\":\"https:\\\/\\\/carecenter-okc.org\\\/\"},{\"@type\":\"ListItem\",\"position\":2,\"name\":\"About Us\"}]},{\"@type\":\"WebSite\",\"@id\":\"https:\\\/\\\/carecenter-okc.org\\\/#website\",\"url\":\"https:\\\/\\\/carecenter-okc.org\\\/\",\"name\":\"The CARE Center\",\"description\":\"Oklahoma County&#039;s Child Advocacy Center\",\"publisher\":{\"@id\":\"https:\\\/\\\/carecenter-okc.org\\\/#organization\"},\"potentialAction\":[{\"@type\":\"SearchAction\",\"target\":{\"@type\":\"EntryPoint\",\"urlTemplate\":\"https:\\\/\\\/carecenter-okc.org\\\/?s={search_term_string}\"},\"query-input\":{\"@type\":\"PropertyValueSpecification\",\"valueRequired\":true,\"valueName\":\"search_term_string\"}}],\"inLanguage\":\"es\"},{\"@type\":\"Organization\",\"@id\":\"https:\\\/\\\/carecenter-okc.org\\\/#organization\",\"name\":\"The CARE Center\",\"url\":\"https:\\\/\\\/carecenter-okc.org\\\/\",\"logo\":{\"@type\":\"ImageObject\",\"inLanguage\":\"es\",\"@id\":\"https:\\\/\\\/carecenter-okc.org\\\/#\\\/schema\\\/logo\\\/image\\\/\",\"url\":\"https:\\\/\\\/carecenter-okc.org\\\/wp-content\\\/uploads\\\/2020\\\/05\\\/CARELogo_Horiz_A.png\",\"contentUrl\":\"https:\\\/\\\/carecenter-okc.org\\\/wp-content\\\/uploads\\\/2020\\\/05\\\/CARELogo_Horiz_A.png\",\"width\":9462,\"height\":2194,\"caption\":\"The CARE Center\"},\"image\":{\"@id\":\"https:\\\/\\\/carecenter-okc.org\\\/#\\\/schema\\\/logo\\\/image\\\/\"}}]}<\/script>\n<!-- \/ Yoast SEO Premium plugin. -->","yoast_head_json":{"title":"About Us - The CARE Center","robots":{"index":"index","follow":"follow","max-snippet":"max-snippet:-1","max-image-preview":"max-image-preview:large","max-video-preview":"max-video-preview:-1"},"canonical":"https:\/\/carecenter-okc.org\/es\/about\/","og_locale":"es_MX","og_type":"article","og_title":"About Us","og_description":"About Us we are oklahoma county&#8217;s ONLY child advocacy center We are child-centered in everything we do Organized in 1991, The CARE Center is Oklahoma County&#8217;s only child advocacy center, and we are committed to helping children find their voice and begin to heal after abuse as well as preventing child abuse through education. Our [&hellip;]","og_url":"https:\/\/carecenter-okc.org\/es\/about\/","og_site_name":"The CARE Center","article_modified_time":"2025-04-09T15:03:23+00:00","twitter_card":"summary_large_image","twitter_misc":{"Tiempo de lectura":"2 minutos"},"schema":{"@context":"https:\/\/schema.org","@graph":[{"@type":"WebPage","@id":"https:\/\/carecenter-okc.org\/about\/","url":"https:\/\/carecenter-okc.org\/about\/","name":"About Us - The CARE Center","isPartOf":{"@id":"https:\/\/carecenter-okc.org\/#website"},"datePublished":"2018-09-11T20:10:41+00:00","dateModified":"2025-04-09T15:03:23+00:00","breadcrumb":{"@id":"https:\/\/carecenter-okc.org\/about\/#breadcrumb"},"inLanguage":"es","potentialAction":[{"@type":"ReadAction","target":["https:\/\/carecenter-okc.org\/about\/"]}]},{"@type":"BreadcrumbList","@id":"https:\/\/carecenter-okc.org\/about\/#breadcrumb","itemListElement":[{"@type":"ListItem","position":1,"name":"Home","item":"https:\/\/carecenter-okc.org\/"},{"@type":"ListItem","position":2,"name":"About Us"}]},{"@type":"WebSite","@id":"https:\/\/carecenter-okc.org\/#website","url":"https:\/\/carecenter-okc.org\/","name":"El Centro CARE","description":"Oklahoma County&#039;s Child Advocacy Center","publisher":{"@id":"https:\/\/carecenter-okc.org\/#organization"},"potentialAction":[{"@type":"SearchAction","target":{"@type":"EntryPoint","urlTemplate":"https:\/\/carecenter-okc.org\/?s={search_term_string}"},"query-input":{"@type":"PropertyValueSpecification","valueRequired":true,"valueName":"search_term_string"}}],"inLanguage":"es"},{"@type":"Organization","@id":"https:\/\/carecenter-okc.org\/#organization","name":"El Centro CARE","url":"https:\/\/carecenter-okc.org\/","logo":{"@type":"ImageObject","inLanguage":"es","@id":"https:\/\/carecenter-okc.org\/#\/schema\/logo\/image\/","url":"https:\/\/carecenter-okc.org\/wp-content\/uploads\/2020\/05\/CARELogo_Horiz_A.png","contentUrl":"https:\/\/carecenter-okc.org\/wp-content\/uploads\/2020\/05\/CARELogo_Horiz_A.png","width":9462,"height":2194,"caption":"The CARE Center"},"image":{"@id":"https:\/\/carecenter-okc.org\/#\/schema\/logo\/image\/"}}]}},"_links":{"self":[{"href":"https:\/\/carecenter-okc.org\/es\/wp-json\/wp\/v2\/pages\/1297","targetHints":{"allow":["GET"]}}],"collection":[{"href":"https:\/\/carecenter-okc.org\/es\/wp-json\/wp\/v2\/pages"}],"about":[{"href":"https:\/\/carecenter-okc.org\/es\/wp-json\/wp\/v2\/types\/page"}],"author":[{"embeddable":true,"href":"https:\/\/carecenter-okc.org\/es\/wp-json\/wp\/v2\/users\/4"}],"replies":[{"embeddable":true,"href":"https:\/\/carecenter-okc.org\/es\/wp-json\/wp\/v2\/comments?post=1297"}],"version-history":[{"count":67,"href":"https:\/\/carecenter-okc.org\/es\/wp-json\/wp\/v2\/pages\/1297\/revisions"}],"predecessor-version":[{"id":13895,"href":"https:\/\/carecenter-okc.org\/es\/wp-json\/wp\/v2\/pages\/1297\/revisions\/13895"}],"wp:attachment":[{"href":"https:\/\/carecenter-okc.org\/es\/wp-json\/wp\/v2\/media?parent=1297"}],"curies":[{"name":"wp","href":"https:\/\/api.w.org\/{rel}","templated":true}]}}